{"id":294,"date":"2024-04-25T10:17:11","date_gmt":"2024-04-25T08:17:11","guid":{"rendered":"https:\/\/neurotecheu.umh.es\/?page_id=294"},"modified":"2026-01-16T13:54:11","modified_gmt":"2026-01-16T12:54:11","slug":"movilidad-umh","status":"publish","type":"page","link":"https:\/\/neurotecheu.umh.es\/ca\/movilidad-umh\/","title":{"rendered":"Mobilitat UMH"},"content":{"rendered":"<p><\/p>\n<p style=\"text-align: justify\">Les diferents universitats membres de la Universitat Europea del Cervell i la Tecnologia, NeurotechEU, organitzen activitats formatives per a l&#8217;estudiantat de l&#8217;alian\u00e7a. La Universitat Miguel Hern\u00e1ndez d&#8217;Elx es&nbsp; fa c\u00e0rrec del pagament de la matr\u00edcula, l\u2019allotjament i les despeses del viatge de les seg\u00fcents oportunitats de mobilitat: <span style=\"color: #000080\"><strong><a style=\"color: #000080\" href=\"https:\/\/neurotecheu.umh.es\/ca\/category\/movilidades\/\">Mobilitats cobertes per la UMH.<\/a><\/strong><span style=\"color: #000000\">Aquelles activitats no incloses al llistat anterior, no compten amb finan\u00e7ament per part de la UMH.<\/span><\/span><\/p>\n<p>&nbsp;<\/p>\n<h1>Com sol\u00b7licitar pla\u00e7a amb la UMH:<\/h1>\n<p>La Universitat Miguel Hernandez d&#8217;Elx, com a membre de NeurotechEU, es fa c\u00e0rrec complet d&#8217;algunes places ofertes, Per favor, revise en <strong><span style=\"color: #000080\">Oportunitats de Mobilitat<\/span> <\/strong>que l&#8217;activitat a qu\u00e8 vol assistir es troba entre elles.<\/p>\n<p>El proc\u00e9s per a sol\u00b7licitar pla\u00e7a per a dur a terme una activitat de mobilitat de NeurotechEU \u00e9s el seg\u00fcent:<\/p>\n<p><span style=\"font-weight: 400\">1.Descarregar i emplenar el formulari adjunt a continuaci\u00f3.<\/span><\/p>\n<p style=\"padding-left: 40px\"><a href=\"https:\/\/neurotecheu.umh.es\/files\/2026\/01\/UMH-APPLICATION-FORM-2026.docx\"><img loading=\"lazy\" class=\"alignright wp-image-1291 size-full\" src=\"https:\/\/neurotecheu.umh.es\/files\/2025\/07\/Formulario-1.png\" alt=\"\" width=\"298\" height=\"192\"><\/a>Al formulari, \u00e9s important<strong><span style=\"color: #000080\"> indicar correctament l&#8217;activitat<\/span> <\/strong>i descriure breument <strong><span style=\"color: #000080\">c<\/span><span style=\"color: #000080\">om l&#8217;activitat en q\u00fcesti\u00f3 pot beneficiar-li<\/span> <\/strong>en la seua formaci\u00f3 i tesis doctoral.<\/p>\n<p><span style=\"font-weight: 400\">2.<\/span>Envie el formulari i la documentaci\u00f3 sol\u00b7licitada a neurotecheu@umh.es<\/p>\n<p style=\"padding-left: 40px\">Per favor, des d&#8217;eixe moment, pare atenci\u00f3 al seu correu electr\u00f2nic. <strong><span style=\"color: #000080\">Podr\u00edem sol\u00b7licitar-li informaci\u00f3 addicional<\/span><\/strong>.<\/p>\n<p style=\"padding-left: 40px\">A continuaci\u00f3, el Comit\u00e9 de Selecci\u00f3 de les activitats de NeurotechEU en la UMH rebr\u00e0 les sol\u00b7licituds enviades per a seleccionar aquella que considere aptes. La UMH es guarda el dret a no adjudicar la o les places oferides si cap sol\u00b7licitud s\u2019ajusta al perfil requerit.<\/p>\n<p><span style=\"font-weight: 400\">3. Per via electr\u00f2nica se l&#8217;informar\u00e0 si finalment se li ha adjudicat o no la pla\u00e7a vacant per a realitzar l&#8217;activitat.<\/span><\/p>\n<p><span style=\"font-weight: 400\">4. Finalment, els candidats rebran les instruccions per correu electr\u00f2nic per a formalitzar la inscripci\u00f3.<\/span><\/p>\n<p>&nbsp;<\/p>\n<p>&nbsp;<\/p>\n<p>&nbsp;<\/p>\n<p>&nbsp;<\/p>\n<p>&nbsp;<\/p>","protected":false},"excerpt":{"rendered":"<p>Les diferents universitats membres de la Universitat Europea del Cervell i la Tecnologia, NeurotechEU, organitzen activitats formatives per a l&#8217;estudiantat de l&#8217;alian\u00e7a. La Universitat Miguel Hern\u00e1ndez d&#8217;Elx es&nbsp; fa c\u00e0rrec del pagament de la matr\u00edcula, l\u2019allotjament i les despeses del viatge de les seg\u00fcents oportunitats de mobilitat: Mobilitats cobertes per la UMH.Aquelles activitats no incloses [&#8230;]<\/p>\n","protected":false},"author":24743,"featured_media":0,"parent":0,"menu_order":2,"comment_status":"closed","ping_status":"closed","template":"","meta":{"ngg_post_thumbnail":0,"_links_to":"","_links_to_target":""},"_links":{"self":[{"href":"https:\/\/neurotecheu.umh.es\/ca\/wp-json\/wp\/v2\/pages\/294"}],"collection":[{"href":"https:\/\/neurotecheu.umh.es\/ca\/wp-json\/wp\/v2\/pages"}],"about":[{"href":"https:\/\/neurotecheu.umh.es\/ca\/wp-json\/wp\/v2\/types\/page"}],"author":[{"embeddable":true,"href":"https:\/\/neurotecheu.umh.es\/ca\/wp-json\/wp\/v2\/users\/24743"}],"replies":[{"embeddable":true,"href":"https:\/\/neurotecheu.umh.es\/ca\/wp-json\/wp\/v2\/comments?post=294"}],"version-history":[{"count":0,"href":"https:\/\/neurotecheu.umh.es\/ca\/wp-json\/wp\/v2\/pages\/294\/revisions"}],"wp:attachment":[{"href":"https:\/\/neurotecheu.umh.es\/ca\/wp-json\/wp\/v2\/media?parent=294"}],"curies":[{"name":"wp","href":"https:\/\/api.w.org\/{rel}","templated":true}]}}