{"id":297,"date":"2024-04-18T15:45:29","date_gmt":"2024-04-18T13:45:29","guid":{"rendered":"https:\/\/neurotecheu.umh.es\/?page_id=297"},"modified":"2026-02-24T12:05:21","modified_gmt":"2026-02-24T11:05:21","slug":"estudiantes-neurotecheu","status":"publish","type":"page","link":"https:\/\/neurotecheu.umh.es\/ca\/estudiantes-neurotecheu\/","title":{"rendered":"Estudiants NeurotechEU"},"content":{"rendered":"<p><\/p>\n<p style=\"text-align: justify\"><span style=\"color: #000000\">Els estudiants de NeurotechEU <span style=\"color: #000080\"><strong>tenen la possibilitat de formar part del Synapses Club<\/strong><\/span>, una associaci\u00f3 que els propis estudiants autogestionen. El seu principal objectiu \u00e9s crear un espai en que els estudiants puguen compartir idees, experi\u00e8ncies i temps.<\/span><\/p>\n<p style=\"text-align: justify\"><span style=\"color: #000000\">El Synapses Club organitza events <span style=\"font-weight: 400\">\u2013virtuals i presencials\u2013 aix\u00ed com xarrades i pon\u00e8ncies la tem\u00e0tica de les quals \u00e9s la neuroci\u00e8ncia i la neurotecnologia. Per exemple, el <span style=\"color: #000080\"><b>Synapses Club de la UMH<\/b><\/span> va organitzar un taller a desembre del 2023, el \u201c<strong><span style=\"color: #000080\"><a style=\"color: #000080\" href=\"https:\/\/neurotecheu.umh.es\/2023\/12\/05\/hands-on-workshop-on-science-communication\/\">Workshop on Science Communication<\/a><\/span><\/strong>\u201d&nbsp; i est\u00e0 treballant en una nova proposta per a aquest any.<\/span><\/span><\/p>\n<p style=\"text-align: justify\"><span style=\"color: #000000\"><strong><span style=\"color: #000080\">Ser membre del Synapses Club t\u00e9 alguns beneficis<\/span> <\/strong>dins la comunitat estudiantil de les universitats aliades a NeurotechEU:<\/span><\/p>\n<ul style=\"text-align: justify\">\n<li><span style=\"color: #000000\">Firma de correu electr\u00f2nic oficial.<\/span><\/li>\n<li><span style=\"color: #000000\">La possibilitat de representar eventualment a la Universitat Miguel Hern\u00e1ndez d&#8217;Elx al Student Council*<\/span><\/li>\n<li><span style=\"color: #000000\">Punts extra a l&#8217;hora de sol\u00b7licitar pla\u00e7a per a alguna mobilitat de NeurotechEU &#8211; UMH.<\/span><\/li>\n<li><span style=\"color: #000000\">Participaci\u00f3 en sortejos d&#8217;articles o events relacionats amb la neuroci\u00e8ncia i la neurotecnologia.<\/span><\/li>\n<li><span style=\"color: #000000\">La possibilitat de viatjar i crear la teua propia agenda de contactes.<\/span><\/li>\n<li><span style=\"color: #000000\">Certificat al assistir a una mobilitat o taller de NeurotechEU.<\/span><\/li>\n<\/ul>\n<h1 style=\"text-align: justify\"><strong><span style=\"color: #000080\">Vols ser membre del Synapses Club?<\/span><\/strong><\/h1>\n<p style=\"text-align: justify\">Un dels principals avantatges d&#8217;esta filiaci\u00f3 \u00e9s participar en activitats que naixen dels interessos i necessitats dels estudiants. Per poder coneixer qu\u00e8 volen els membres del Club \u00e9s important emplenar el seg\u00fcent q\u00fcestionari. D&#8217;esta manera tamb\u00e9 es consolida la filiaci\u00f3.<\/p>\n<p><a href=\"https:\/\/docs.google.com\/forms\/d\/e\/1FAIpQLSdEpSEoq38KPnhLjkUF68WvW_wWj_EYvoR7hnzgc68oRYPL7A\/viewform?usp=header\" target=\"_blank\" rel=\"noopener\"><img loading=\"lazy\" class=\"aligncenter wp-image-615 size-medium\" src=\"https:\/\/neurotecheu.umh.es\/files\/2024\/06\/Julias-1-300x58.png\" alt=\"Formulario Synapses Club\" width=\"300\" height=\"58\" srcset=\"https:\/\/neurotecheu.umh.es\/files\/2024\/06\/Julias-1-300x58.png 300w, https:\/\/neurotecheu.umh.es\/files\/2024\/06\/Julias-1.png 475w\" sizes=\"(max-width: 300px) 100vw, 300px\" \/><\/a><\/p>\n<h1><span style=\"color: #000080\"><b>\u00bfQu\u00e8 tipus d&#8217;activitats organitza el Synapses Club<\/b><\/span><\/h1>\n<p style=\"text-align: justify\">Actualment, el Club de la UMH est\u00e0 organitzant per als pr\u00f2xims mesos activitats com concursos, tallers pr\u00e0ctics, seminaris de i per a estudiants, debats, lectures i publicacions d&#8217;articles.<\/p>\n<p style=\"text-align: justify\"><span style=\"font-weight: 400\">*El <\/span><span style=\"color: #000080\"><b>Student Council<\/b><\/span><span style=\"font-weight: 400\"><strong><span style=\"color: #000080\"> representa als estudiants de cada universitat aliada<\/span><\/strong> davant dels \u00f2rgans que constitueixen NeurotechEU. El Student Council est\u00e0 format per tres estudiants de cada universitat aliada, estudiants que <strong><span style=\"color: #000080\">han de ser membres del Synapses Club.<\/span><\/strong><\/span><\/p>\n<p style=\"text-align: justify\"><span style=\"font-weight: 400\">Actualment els estudiants que formen part del Student Council de la UMH s\u00f3n:&nbsp;<\/span><\/p>\n<p><span style=\"color: #000080\"><b><img loading=\"lazy\" class=\"alignleft wp-image-303\" src=\"https:\/\/neurotecheu.umh.es\/files\/2024\/04\/unnamed-1-300x300.jpg\" alt=\"\" width=\"157\" height=\"157\" srcset=\"https:\/\/neurotecheu.umh.es\/files\/2024\/04\/unnamed-1-300x300.jpg 300w, https:\/\/neurotecheu.umh.es\/files\/2024\/04\/unnamed-1-150x150.jpg 150w, https:\/\/neurotecheu.umh.es\/files\/2024\/04\/unnamed-1.jpg 512w\" sizes=\"(max-width: 157px) 100vw, 157px\" \/>B\u00e1rbara Corral S\u00e1nchez<\/b><\/span><\/p>\n<p><span style=\"font-weight: 400\">UMH student representative,<\/span><\/p>\n<p><span style=\"font-weight: 400\">PhD Program in Neurosciences&nbsp;<\/span><\/p>\n<p><a href=\"mailto:bcorral@umh.es\"><span style=\"font-weight: 400\">bcorral@umh.es<\/span><\/a><span style=\"font-weight: 400\">&nbsp;<\/span><\/p>\n<p>&nbsp;<\/p>\n<p><span style=\"color: #000080\"><b><img loading=\"lazy\" class=\"alignleft wp-image-424\" src=\"https:\/\/neurotecheu.umh.es\/files\/2024\/05\/Desiree-271x300.jpg\" alt=\"\" width=\"152\" height=\"168\" srcset=\"https:\/\/neurotecheu.umh.es\/files\/2024\/05\/Desiree-271x300.jpg 271w, https:\/\/neurotecheu.umh.es\/files\/2024\/05\/Desiree-926x1024.jpg 926w, https:\/\/neurotecheu.umh.es\/files\/2024\/05\/Desiree-768x849.jpg 768w, https:\/\/neurotecheu.umh.es\/files\/2024\/05\/Desiree-1389x1536.jpg 1389w, https:\/\/neurotecheu.umh.es\/files\/2024\/05\/Desiree.jpg 1599w\" sizes=\"(max-width: 152px) 100vw, 152px\" \/>Desir\u00e9e Irene Gracia Laso<\/b><\/span><\/p>\n<p><span style=\"font-weight: 400\">UMH student representative,<\/span><\/p>\n<p><span style=\"font-weight: 400\">PhD Program in Industrial and Telecommunication Technology<\/span><\/p>\n<p><a href=\"mailto:dgracia@umh.es\"><span style=\"font-weight: 400\">dgracia@umh.es<\/span><\/a><\/p>\n<p>&nbsp;<\/p>\n<p><img loading=\"lazy\" class=\"wp-image-701 alignleft\" src=\"https:\/\/neurotecheu.umh.es\/files\/2024\/09\/jorge-maldonado-torres.jpg\" alt=\"Jorge Maldonado\" width=\"144\" height=\"194\"><\/p>\n<p><span style=\"color: #000080\"><b>Jorge Maldonado Torres<\/b><\/span><\/p>\n<p><span style=\"font-weight: 400\">UMH student representative,<\/span><\/p>\n<p><span style=\"font-weight: 400\">PhD Program Neuroscience<\/span><\/p>\n<p><a href=\"mailto:jorge.maldonadot@umh.es\">jorge.maldonadot@umh.es&nbsp;<\/a><\/p>\n<p>&nbsp;<\/p>\n<p>&nbsp;<\/p>\n<p><span style=\"color: #000080\"><b><img loading=\"lazy\" class=\"alignleft wp-image-427\" src=\"https:\/\/neurotecheu.umh.es\/files\/2024\/05\/UMH-Sandra_Manzanero_Ortiz-300x272.jpg\" alt=\"\" width=\"152\" height=\"138\" srcset=\"https:\/\/neurotecheu.umh.es\/files\/2024\/05\/UMH-Sandra_Manzanero_Ortiz-300x272.jpg 300w, https:\/\/neurotecheu.umh.es\/files\/2024\/05\/UMH-Sandra_Manzanero_Ortiz-1024x928.jpg 1024w, https:\/\/neurotecheu.umh.es\/files\/2024\/05\/UMH-Sandra_Manzanero_Ortiz-768x696.jpg 768w, https:\/\/neurotecheu.umh.es\/files\/2024\/05\/UMH-Sandra_Manzanero_Ortiz-1536x1392.jpg 1536w, https:\/\/neurotecheu.umh.es\/files\/2024\/05\/UMH-Sandra_Manzanero_Ortiz.jpg 1635w\" sizes=\"(max-width: 152px) 100vw, 152px\" \/>Sandra Manzanero Ortiz<\/b><\/span><\/p>\n<p>NeurotechEU Student Liaison<span style=\"font-weight: 400\">&nbsp;<\/span><\/p>\n<p><a href=\"mailto:smanzanero@umh.es\"><span style=\"font-weight: 400\">smanzanero@umh.es<\/span><\/a><span style=\"font-weight: 400\">&nbsp;<\/span><\/p>\n<p>&nbsp;<\/p>\n<p style=\"text-align: center\">Et recomanem subscriure&#8217;t a la<strong><span style=\"color: #000080\"><a style=\"color: #000080\" href=\"https:\/\/mailchi.mp\/14a7001ba25f\/newsletter-neurotecheu-umh\"> nostra Newsletter<\/a> <\/span><\/strong>per a no perdre&#8217;t cap activitat ni mobilitat.<\/p>\n<p>&nbsp;<\/p>\n<p><!-- default-view.php -->\n<div\n\tclass=\"ngg-galleryoverview default-view \"\n\tid=\"ngg-gallery-aed252589d55f7bf7ba0a9c0338d089d-1\">\n\n\t\t<!-- Thumbnails -->\n\t\t\t\t<div id=\"ngg-image-0\" class=\"ngg-gallery-thumbnail-box \" >\n\t\t\t\t        <div class=\"ngg-gallery-thumbnail\">\n            <a href=\"https:\/\/neurotecheu.umh.es\/wp-content\/uploads\/sites\/3845\/nggallery\/synapses-club-neurotecheu\/WhatsApp-Image-2024-04-26-at-2.18.33-PM-1.jpeg\"\n               title=\"Workshop Science Communication (I) UMH dec 2023\"\n               data-src=\"https:\/\/neurotecheu.umh.es\/wp-content\/uploads\/sites\/3845\/nggallery\/synapses-club-neurotecheu\/WhatsApp-Image-2024-04-26-at-2.18.33-PM-1.jpeg\"\n               data-thumbnail=\"https:\/\/neurotecheu.umh.es\/wp-content\/uploads\/sites\/3845\/nggallery\/synapses-club-neurotecheu\/thumbs\/thumbs_WhatsApp-Image-2024-04-26-at-2.18.33-PM-1.jpeg\"\n               data-image-id=\"3\"\n               data-title=\"Workshop Science Communication\"\n               data-description=\"Workshop Science Communication (I) UMH dec 2023\"\n               data-image-slug=\"whatsapp-image-2024-04-26-at-2-18-33-pm-1\"\n               class=\"ngg-simplelightbox\" rel=\"aed252589d55f7bf7ba0a9c0338d089d\">\n                <img\n                    title=\"Workshop Science Communication\"\n                    alt=\"Workshop Science Communication\"\n                    src=\"https:\/\/neurotecheu.umh.es\/wp-content\/uploads\/sites\/3845\/nggallery\/synapses-club-neurotecheu\/thumbs\/thumbs_WhatsApp-Image-2024-04-26-at-2.18.33-PM-1.jpeg\"\n                    width=\"240\"\n                    height=\"160\"\n                    style=\"max-width:100%;\"\n                \/>\n            <\/a>\n        <\/div>\n\t\t\t\t\t\t\t<\/div> \n\t\t\t\n\t\t\t\t<div id=\"ngg-image-1\" class=\"ngg-gallery-thumbnail-box \" >\n\t\t\t\t        <div class=\"ngg-gallery-thumbnail\">\n            <a href=\"https:\/\/neurotecheu.umh.es\/wp-content\/uploads\/sites\/3845\/nggallery\/synapses-club-neurotecheu\/Neurotech-EU-4188.jpg\"\n               title=\"BoR Lille nov2023\"\n               data-src=\"https:\/\/neurotecheu.umh.es\/wp-content\/uploads\/sites\/3845\/nggallery\/synapses-club-neurotecheu\/Neurotech-EU-4188.jpg\"\n               data-thumbnail=\"https:\/\/neurotecheu.umh.es\/wp-content\/uploads\/sites\/3845\/nggallery\/synapses-club-neurotecheu\/thumbs\/thumbs_Neurotech-EU-4188.jpg\"\n               data-image-id=\"6\"\n               data-title=\"Neurotech-EU at Lille\"\n               data-description=\"BoR Lille nov2023\"\n               data-image-slug=\"neurotech-eu-4188\"\n               class=\"ngg-simplelightbox\" rel=\"aed252589d55f7bf7ba0a9c0338d089d\">\n                <img\n                    title=\"Neurotech-EU at Lille\"\n                    alt=\"Neurotech-EU at Lille\"\n                    src=\"https:\/\/neurotecheu.umh.es\/wp-content\/uploads\/sites\/3845\/nggallery\/synapses-club-neurotecheu\/thumbs\/thumbs_Neurotech-EU-4188.jpg\"\n                    width=\"240\"\n                    height=\"160\"\n                    style=\"max-width:100%;\"\n                \/>\n            <\/a>\n        <\/div>\n\t\t\t\t\t\t\t<\/div> \n\t\t\t\n\t\t\t\t<div id=\"ngg-image-2\" class=\"ngg-gallery-thumbnail-box \" >\n\t\t\t\t        <div class=\"ngg-gallery-thumbnail\">\n            <a href=\"https:\/\/neurotecheu.umh.es\/wp-content\/uploads\/sites\/3845\/nggallery\/synapses-club-neurotecheu\/WhatsApp-Image-2024-04-26-at-2.18.34-PM.jpeg\"\n               title=\"NeurotechEU Student Council\"\n               data-src=\"https:\/\/neurotecheu.umh.es\/wp-content\/uploads\/sites\/3845\/nggallery\/synapses-club-neurotecheu\/WhatsApp-Image-2024-04-26-at-2.18.34-PM.jpeg\"\n               data-thumbnail=\"https:\/\/neurotecheu.umh.es\/wp-content\/uploads\/sites\/3845\/nggallery\/synapses-club-neurotecheu\/thumbs\/thumbs_WhatsApp-Image-2024-04-26-at-2.18.34-PM.jpeg\"\n               data-image-id=\"9\"\n               data-title=\"NeurotechEU Student Council\"\n               data-description=\"NeurotechEU Student Council\"\n               data-image-slug=\"whatsapp-image-2024-04-26-at-2-18-34-pm\"\n               class=\"ngg-simplelightbox\" rel=\"aed252589d55f7bf7ba0a9c0338d089d\">\n                <img\n                    title=\"NeurotechEU Student Council\"\n                    alt=\"NeurotechEU Student Council\"\n                    src=\"https:\/\/neurotecheu.umh.es\/wp-content\/uploads\/sites\/3845\/nggallery\/synapses-club-neurotecheu\/thumbs\/thumbs_WhatsApp-Image-2024-04-26-at-2.18.34-PM.jpeg\"\n                    width=\"240\"\n                    height=\"160\"\n                    style=\"max-width:100%;\"\n                \/>\n            <\/a>\n        <\/div>\n\t\t\t\t\t\t\t<\/div> \n\t\t\t\n\t\t\t\t<div id=\"ngg-image-3\" class=\"ngg-gallery-thumbnail-box \" >\n\t\t\t\t        <div class=\"ngg-gallery-thumbnail\">\n            <a href=\"https:\/\/neurotecheu.umh.es\/wp-content\/uploads\/sites\/3845\/nggallery\/synapses-club-neurotecheu\/WhatsApp-Image-2024-04-26-at-2.18.33-PM.jpeg\"\n               title=\"Synapses Club and Student Cpuncil at BoR Lille nov2023\"\n               data-src=\"https:\/\/neurotecheu.umh.es\/wp-content\/uploads\/sites\/3845\/nggallery\/synapses-club-neurotecheu\/WhatsApp-Image-2024-04-26-at-2.18.33-PM.jpeg\"\n               data-thumbnail=\"https:\/\/neurotecheu.umh.es\/wp-content\/uploads\/sites\/3845\/nggallery\/synapses-club-neurotecheu\/thumbs\/thumbs_WhatsApp-Image-2024-04-26-at-2.18.33-PM.jpeg\"\n               data-image-id=\"12\"\n               data-title=\"Neurotech-EU at Lille\"\n               data-description=\"Synapses Club and Student Cpuncil at BoR Lille nov2023\"\n               data-image-slug=\"whatsapp-image-2024-04-26-at-2-18-33-pm-2\"\n               class=\"ngg-simplelightbox\" rel=\"aed252589d55f7bf7ba0a9c0338d089d\">\n                <img\n                    title=\"Neurotech-EU at Lille\"\n                    alt=\"Neurotech-EU at Lille\"\n                    src=\"https:\/\/neurotecheu.umh.es\/wp-content\/uploads\/sites\/3845\/nggallery\/synapses-club-neurotecheu\/thumbs\/thumbs_WhatsApp-Image-2024-04-26-at-2.18.33-PM.jpeg\"\n                    width=\"240\"\n                    height=\"160\"\n                    style=\"max-width:100%;\"\n                \/>\n            <\/a>\n        <\/div>\n\t\t\t\t\t\t\t<\/div> \n\t\t\t\n\t\t\t\t<div id=\"ngg-image-4\" class=\"ngg-gallery-thumbnail-box \" >\n\t\t\t\t        <div class=\"ngg-gallery-thumbnail\">\n            <a href=\"https:\/\/neurotecheu.umh.es\/wp-content\/uploads\/sites\/3845\/nggallery\/synapses-club-neurotecheu\/Neurotech-EU-4402.jpg\"\n               title=\"BoR Lille nov2023\"\n               data-src=\"https:\/\/neurotecheu.umh.es\/wp-content\/uploads\/sites\/3845\/nggallery\/synapses-club-neurotecheu\/Neurotech-EU-4402.jpg\"\n               data-thumbnail=\"https:\/\/neurotecheu.umh.es\/wp-content\/uploads\/sites\/3845\/nggallery\/synapses-club-neurotecheu\/thumbs\/thumbs_Neurotech-EU-4402.jpg\"\n               data-image-id=\"15\"\n               data-title=\"Neurotech-EU at Lille\"\n               data-description=\"BoR Lille nov2023\"\n               data-image-slug=\"neurotech-eu-4402\"\n               class=\"ngg-simplelightbox\" rel=\"aed252589d55f7bf7ba0a9c0338d089d\">\n                <img\n                    title=\"Neurotech-EU at Lille\"\n                    alt=\"Neurotech-EU at Lille\"\n                    src=\"https:\/\/neurotecheu.umh.es\/wp-content\/uploads\/sites\/3845\/nggallery\/synapses-club-neurotecheu\/thumbs\/thumbs_Neurotech-EU-4402.jpg\"\n                    width=\"240\"\n                    height=\"160\"\n                    style=\"max-width:100%;\"\n                \/>\n            <\/a>\n        <\/div>\n\t\t\t\t\t\t\t<\/div> \n\t\t\t\n\t\t\t\t<div id=\"ngg-image-5\" class=\"ngg-gallery-thumbnail-box \" >\n\t\t\t\t        <div class=\"ngg-gallery-thumbnail\">\n            <a href=\"https:\/\/neurotecheu.umh.es\/wp-content\/uploads\/sites\/3845\/nggallery\/synapses-club-neurotecheu\/IMG_4315.jpeg\"\n               title=\"NeurotechEU Student Council\"\n               data-src=\"https:\/\/neurotecheu.umh.es\/wp-content\/uploads\/sites\/3845\/nggallery\/synapses-club-neurotecheu\/IMG_4315.jpeg\"\n               data-thumbnail=\"https:\/\/neurotecheu.umh.es\/wp-content\/uploads\/sites\/3845\/nggallery\/synapses-club-neurotecheu\/thumbs\/thumbs_IMG_4315.jpeg\"\n               data-image-id=\"18\"\n               data-title=\"NeurotechEU Student Council\"\n               data-description=\"NeurotechEU Student Council\"\n               data-image-slug=\"img_4315\"\n               class=\"ngg-simplelightbox\" rel=\"aed252589d55f7bf7ba0a9c0338d089d\">\n                <img\n                    title=\"NeurotechEU Student Council\"\n                    alt=\"NeurotechEU Student Council\"\n                    src=\"https:\/\/neurotecheu.umh.es\/wp-content\/uploads\/sites\/3845\/nggallery\/synapses-club-neurotecheu\/thumbs\/thumbs_IMG_4315.jpeg\"\n                    width=\"240\"\n                    height=\"160\"\n                    style=\"max-width:100%;\"\n                \/>\n            <\/a>\n        <\/div>\n\t\t\t\t\t\t\t<\/div> \n\t\t\t\n\t\t\t\t<div id=\"ngg-image-6\" class=\"ngg-gallery-thumbnail-box \" >\n\t\t\t\t        <div class=\"ngg-gallery-thumbnail\">\n            <a href=\"https:\/\/neurotecheu.umh.es\/wp-content\/uploads\/sites\/3845\/nggallery\/synapses-club-neurotecheu\/MG_2443.jpg\"\n               title=\"NeurotechEU at Elche\"\n               data-src=\"https:\/\/neurotecheu.umh.es\/wp-content\/uploads\/sites\/3845\/nggallery\/synapses-club-neurotecheu\/MG_2443.jpg\"\n               data-thumbnail=\"https:\/\/neurotecheu.umh.es\/wp-content\/uploads\/sites\/3845\/nggallery\/synapses-club-neurotecheu\/thumbs\/thumbs_MG_2443.jpg\"\n               data-image-id=\"21\"\n               data-title=\"NeurotechEU at Elche\"\n               data-description=\"NeurotechEU at Elche\"\n               data-image-slug=\"mg_2443\"\n               class=\"ngg-simplelightbox\" rel=\"aed252589d55f7bf7ba0a9c0338d089d\">\n                <img\n                    title=\"NeurotechEU at Elche\"\n                    alt=\"NeurotechEU at Elche\"\n                    src=\"https:\/\/neurotecheu.umh.es\/wp-content\/uploads\/sites\/3845\/nggallery\/synapses-club-neurotecheu\/thumbs\/thumbs_MG_2443.jpg\"\n                    width=\"240\"\n                    height=\"160\"\n                    style=\"max-width:100%;\"\n                \/>\n            <\/a>\n        <\/div>\n\t\t\t\t\t\t\t<\/div> \n\t\t\t\n\t\t\t\t<div id=\"ngg-image-7\" class=\"ngg-gallery-thumbnail-box \" >\n\t\t\t\t        <div class=\"ngg-gallery-thumbnail\">\n            <a href=\"https:\/\/neurotecheu.umh.es\/wp-content\/uploads\/sites\/3845\/nggallery\/synapses-club-neurotecheu\/II-Workshop-Comm.-2025-How-to-adapt-to-the-format.jpeg\"\n               title=\"\"\n               data-src=\"https:\/\/neurotecheu.umh.es\/wp-content\/uploads\/sites\/3845\/nggallery\/synapses-club-neurotecheu\/II-Workshop-Comm.-2025-How-to-adapt-to-the-format.jpeg\"\n               data-thumbnail=\"https:\/\/neurotecheu.umh.es\/wp-content\/uploads\/sites\/3845\/nggallery\/synapses-club-neurotecheu\/thumbs\/thumbs_II-Workshop-Comm.-2025-How-to-adapt-to-the-format.jpeg\"\n               data-image-id=\"107\"\n               data-title=\"II-Workshop-Comm.-2025-How-to-adapt-to-the-format\"\n               data-description=\"\"\n               data-image-slug=\"ii-workshop-comm-2025-how-to-adapt-to-the-format\"\n               class=\"ngg-simplelightbox\" rel=\"aed252589d55f7bf7ba0a9c0338d089d\">\n                <img\n                    title=\"II-Workshop-Comm.-2025-How-to-adapt-to-the-format\"\n                    alt=\"II-Workshop-Comm.-2025-How-to-adapt-to-the-format\"\n                    src=\"https:\/\/neurotecheu.umh.es\/wp-content\/uploads\/sites\/3845\/nggallery\/synapses-club-neurotecheu\/thumbs\/thumbs_II-Workshop-Comm.-2025-How-to-adapt-to-the-format.jpeg\"\n                    width=\"240\"\n                    height=\"160\"\n                    style=\"max-width:100%;\"\n                \/>\n            <\/a>\n        <\/div>\n\t\t\t\t\t\t\t<\/div> \n\t\t\t\n\t\t\t\t<div id=\"ngg-image-8\" class=\"ngg-gallery-thumbnail-box \" >\n\t\t\t\t        <div class=\"ngg-gallery-thumbnail\">\n            <a href=\"https:\/\/neurotecheu.umh.es\/wp-content\/uploads\/sites\/3845\/nggallery\/synapses-club-neurotecheu\/General-Assembly-BOUN.jpg\"\n               title=\"\"\n               data-src=\"https:\/\/neurotecheu.umh.es\/wp-content\/uploads\/sites\/3845\/nggallery\/synapses-club-neurotecheu\/General-Assembly-BOUN.jpg\"\n               data-thumbnail=\"https:\/\/neurotecheu.umh.es\/wp-content\/uploads\/sites\/3845\/nggallery\/synapses-club-neurotecheu\/thumbs\/thumbs_General-Assembly-BOUN.jpg\"\n               data-image-id=\"110\"\n               data-title=\"General-Assembly-BOUN\"\n               data-description=\"\"\n               data-image-slug=\"general-assembly-boun\"\n               class=\"ngg-simplelightbox\" rel=\"aed252589d55f7bf7ba0a9c0338d089d\">\n                <img\n                    title=\"General-Assembly-BOUN\"\n                    alt=\"General-Assembly-BOUN\"\n                    src=\"https:\/\/neurotecheu.umh.es\/wp-content\/uploads\/sites\/3845\/nggallery\/synapses-club-neurotecheu\/thumbs\/thumbs_General-Assembly-BOUN.jpg\"\n                    width=\"240\"\n                    height=\"160\"\n                    style=\"max-width:100%;\"\n                \/>\n            <\/a>\n        <\/div>\n\t\t\t\t\t\t\t<\/div> \n\t\t\t\n\t\t\t\t<div id=\"ngg-image-9\" class=\"ngg-gallery-thumbnail-box \" >\n\t\t\t\t        <div class=\"ngg-gallery-thumbnail\">\n            <a href=\"https:\/\/neurotecheu.umh.es\/wp-content\/uploads\/sites\/3845\/nggallery\/synapses-club-neurotecheu\/Student-Council-at-2026-General-Assembly-in-UMH.jpg\"\n               title=\"\"\n               data-src=\"https:\/\/neurotecheu.umh.es\/wp-content\/uploads\/sites\/3845\/nggallery\/synapses-club-neurotecheu\/Student-Council-at-2026-General-Assembly-in-UMH.jpg\"\n               data-thumbnail=\"https:\/\/neurotecheu.umh.es\/wp-content\/uploads\/sites\/3845\/nggallery\/synapses-club-neurotecheu\/thumbs\/thumbs_Student-Council-at-2026-General-Assembly-in-UMH.jpg\"\n               data-image-id=\"113\"\n               data-title=\"Student-Council-at-2026-General-Assembly-in-UMH\"\n               data-description=\"\"\n               data-image-slug=\"student-council-at-2026-general-assembly-in-umh\"\n               class=\"ngg-simplelightbox\" rel=\"aed252589d55f7bf7ba0a9c0338d089d\">\n                <img\n                    title=\"Student-Council-at-2026-General-Assembly-in-UMH\"\n                    alt=\"Student-Council-at-2026-General-Assembly-in-UMH\"\n                    src=\"https:\/\/neurotecheu.umh.es\/wp-content\/uploads\/sites\/3845\/nggallery\/synapses-club-neurotecheu\/thumbs\/thumbs_Student-Council-at-2026-General-Assembly-in-UMH.jpg\"\n                    width=\"240\"\n                    height=\"160\"\n                    style=\"max-width:100%;\"\n                \/>\n            <\/a>\n        <\/div>\n\t\t\t\t\t\t\t<\/div> \n\t\t\t\n\t\n\t<br style=\"clear: both\" \/>\n\n\t\n\t\t<!-- Pagination -->\n\t<div class='ngg-clear'><\/div>\t<\/div>\n<\/p>","protected":false},"excerpt":{"rendered":"<p>Els estudiants de NeurotechEU tenen la possibilitat de formar part del Synapses Club, una associaci\u00f3 que els propis estudiants autogestionen. El seu principal objectiu \u00e9s crear un espai en que els estudiants puguen compartir idees, experi\u00e8ncies i temps.<br \/>\nEl Synapses Club organitza events \u2013virtuals i presencials\u2013 aix\u00ed com xarrades i pon\u00e8ncies la tem\u00e0tica de les quals [&#8230;]<\/p>\n","protected":false},"author":24743,"featured_media":0,"parent":0,"menu_order":3,"comment_status":"closed","ping_status":"closed","template":"","meta":{"ngg_post_thumbnail":0,"_links_to":"","_links_to_target":""},"_links":{"self":[{"href":"https:\/\/neurotecheu.umh.es\/ca\/wp-json\/wp\/v2\/pages\/297"}],"collection":[{"href":"https:\/\/neurotecheu.umh.es\/ca\/wp-json\/wp\/v2\/pages"}],"about":[{"href":"https:\/\/neurotecheu.umh.es\/ca\/wp-json\/wp\/v2\/types\/page"}],"author":[{"embeddable":true,"href":"https:\/\/neurotecheu.umh.es\/ca\/wp-json\/wp\/v2\/users\/24743"}],"replies":[{"embeddable":true,"href":"https:\/\/neurotecheu.umh.es\/ca\/wp-json\/wp\/v2\/comments?post=297"}],"version-history":[{"count":0,"href":"https:\/\/neurotecheu.umh.es\/ca\/wp-json\/wp\/v2\/pages\/297\/revisions"}],"wp:attachment":[{"href":"https:\/\/neurotecheu.umh.es\/ca\/wp-json\/wp\/v2\/media?parent=297"}],"curies":[{"name":"wp","href":"https:\/\/api.w.org\/{rel}","templated":true}]}}