{"id":432,"date":"2024-05-03T13:12:37","date_gmt":"2024-05-03T11:12:37","guid":{"rendered":"https:\/\/neurotecheu.umh.es\/?page_id=432"},"modified":"2024-05-16T14:09:09","modified_gmt":"2024-05-16T12:09:09","slug":"preguntas-frecuentes","status":"publish","type":"page","link":"https:\/\/neurotecheu.umh.es\/ca\/home\/preguntas-frecuentes\/","title":{"rendered":"Preguntes Freq\u00fcents"},"content":{"rendered":"<p><span style=\"color: #000000\"><b>En qu\u00e8 consisteix l&#8217;alian\u00e7a de NeurotechEU?<\/b><\/span><\/p>\n<p><span style=\"font-weight: 400;color: #000000\">NeurotechEU \u00e9s una alian\u00e7a de huit universitats europees amb un objectiu en com\u00fa, crear una xarxa transeuropea d&#8217;excel\u00b7l\u00e8ncia que educar\u00e0 a estudiants de tots els nivells \u2013grau, m\u00e0ster, doctorat i formaci\u00f3 permanent\u2013. NeurotechEU cerca ser un espai flexible d&#8217;educaci\u00f3 superior compartit entre universitats en qu\u00e8 es vincula l&#8217;educaci\u00f3 a la investigaci\u00f3, a la innovaci\u00f3 i a la societat.<\/span><\/p>\n<p>&nbsp;<\/p>\n<p><span style=\"color: #000000\"><b>Qu\u00e8 \u00e9s el Club Synapses?<\/b><\/span><\/p>\n<p><span style=\"color: #000000\">Es tracta d&#8217;un club d&#8217;estudiants de l&#8217;Alia\u00e7a Europea NeurotechEU, encarregada d&#8217;organitzar events (virutals i presencials) relacionats amb la neuroci\u00e8ncia i la neruotecnologia. La seua gesti\u00f3 \u00e9s interna de cada universitat. <span style=\"color: #000000\"><span style=\"font-weight: 400\"><span style=\"color: #000080\"><a style=\"color: #000080\" href=\"https:\/\/neurotecheu.umh.es\/estudiantes-neurotecheu\/\" target=\"_blank\" rel=\"noopener\">Estudiants NeurotechEU.<\/a>&nbsp;<\/span><\/span><\/span><\/span><\/p>\n<p>&nbsp;<\/p>\n<p><span style=\"color: #000000\"><b>Quan es realitza la sol\u00b7licitud per a una pla\u00e7a?<\/b><\/span><\/p>\n<p><span style=\"color: #000000\"><span style=\"font-weight: 400\">Cada mobilitat, curs o formaci\u00f3 ofertat t\u00e9 un pla\u00e7 de sol\u00b7licitud de pla\u00e7a propi. Les dates de sol\u00b7licitud de pla\u00e7a aix\u00ed com l&#8217;inici de cada activitat en q\u00fcesti\u00f3 s&#8217;especificaa en la seua convocatoria. <span style=\"color: #000080\"><a style=\"color: #000080\" href=\"https:\/\/neurotecheu.umh.es\/movilidad-umh\/\" target=\"_blank\" rel=\"noopener\">Pot accedir al llistat de places ofertades per NeurotechEU a trav\u00e9s de la Universitat Miguel Hern\u00e1ndez d&#8217;El<\/a>x.<\/span><\/span><\/span><\/p>\n<p>&nbsp;<\/p>\n<p><span style=\"color: #000000\"><b>Si soc postodctoral\/ada de la UMH, puc beneficiar-me de la mobilitat finan\u00e7ada per NeurotechEU-UMH??<\/b><\/span><\/p>\n<p><span style=\"color: #000000\"><span style=\"font-weight: 400\">La completa financiaci\u00f3 de la<strong><span style=\"color: #000080\"> mobilitat \u00e9s sols per a estudiants amb relaci\u00f3 activa<\/span><\/strong> amb la Universitat Miguel Hern\u00e1ndez d&#8217;Elx.<\/span><\/span><\/p>\n<p>&nbsp;<\/p>\n<p><span style=\"color: #000000\"><b>En quin idioma s&#8217;impartiran els cursos?<\/b><\/span><\/p>\n<p><span style=\"font-weight: 400;color: #000000\">Generalment els cursos i les mobilitats s&#8217;impartiran en angl\u00e9s. Tot i aix\u00f2, des de NeurotechEU fomentem el respecte a les lleng\u00fces propies de cada universitat i el multiling\u00fcisme. \u00c9s possible que algunes activitats no tinguen lloc en angl\u00e9s, en cas de ser aix\u00ed, ser\u00e0 indicat en la convocat\u00f2ria de la pla\u00e7a.<\/span><\/p>\n<p>&nbsp;<\/p>\n<p><span style=\"color: #000000\"><b>Qu\u00e8 \u00e9s all\u00f2 que finan\u00e7a NeurotechEU?<\/b><\/span><\/p>\n<p><span style=\"font-weight: 400;color: #000000\">NeurotechEU \u00e9s un projecte en qu\u00e8 diverses universitats europees oferten i financen activitats formatives. NeurotechEU es fa c\u00e0rrec econ\u00f2micament de l&#8217;organitzaci\u00f3 de les dites activitats, la seua posada en marxa i en determinades ocasions de la mobilitat f\u00edsica de l&#8217;estudiantat o del professorat a una altra universitat aliada.<\/span><\/p>\n<p>&nbsp;<\/p>\n<p><span style=\"color: #000000\"><b>A qu\u00e8 tipus d&#8217;estudis puc aplicar?<\/b><\/span><\/p>\n<p><span style=\"color: #000000\"><span style=\"font-weight: 400\">Actualment NeurotechEU oferix activitats i tallers presencials i en l\u00ednia de curta duraci\u00f3. <a href=\"https:\/\/neurotecheu.umh.es\/movilidad-umh\/\" target=\"_blank\" rel=\"noopener\">Li recomanem revisar les places que oferix NeurotechEU des de la UMH i aquelles que oferixen les universitats aliades<\/a>.<\/span><\/span><\/p>\n<p>&nbsp;<\/p>\n<p><span style=\"color: #000000\"><b>Puc assistir a m\u00e9s d&#8217;una activitat oferta?<\/b><\/span><\/p>\n<p><span style=\"font-weight: 400;color: #000000\">Si, per\u00f2 es tindr\u00e0 en compte si ja s&#8217;ha assistit a una altra mobilitat, perqu\u00e8 estudiants que no n&#8217;han realitzat cap pr\u00e8viament tinguen les mateixes oportunitats de realitzar una mobilitat.&nbsp; &nbsp;<\/span><\/p>\n<p>&nbsp;<\/p>\n<p><span style=\"color: #000000\"><b>Si una vegada acceptada la pla\u00e7a no puc realitzar&nbsp; una mobilitat, hi ha alguna conseq\u00fc\u00e8ncia o penalitzaci\u00f3?<\/b><\/span><\/p>\n<p><span style=\"font-weight: 400;color: #000000\">No. Tot i aix\u00f2, es deu tenir en compte la responsabilitat al comprometre&#8217;s al ocupar una pla\u00e7a que podria beneficiar a altres estudiants. Per aix\u00f2, es demana encaronadament que s&#8217;avise amb temps suficient de la seua re\u00fancia per a poder donar l&#8217;oportunitat a una altra persona interessada.<\/span><\/p>\n<p>A m\u00e9s, es tindr\u00e0 en compte de la ren\u00edncia per a pr\u00f2ximes sol\u00b7licituds.<\/p>\n<p>&nbsp;<\/p>\n<p><span style=\"color: #000000\"><b>Durant la meua estada en un altre pa\u00eds, NeurotechEU cobrix el seur m\u00e8dic?<\/b><\/span><\/p>\n<p><span style=\"color: #000000\">Si, en els pa\u00efsos de la Uni\u00f3 Europea. Tot i aix\u00f2, cada persona de manera individual haur\u00e0 d&#8217;aconseguir la <a style=\"color: #000000\" href=\"https:\/\/www.lamoncloa.gob.es\/serviciosdeprensa\/notasprensa\/inclusion\/Paginas\/2024\/como-solicitar-tarjeta-sanitaria-europea.aspx#:~:text=%C2%BFC%C3%B3mo%20puedo%20solicitar%20o%20renovar,65%2F%2091%20542%2011%2076.\">targeta sanitaria europea<\/a>.<\/span><\/p>\n<p><span style=\"color: #000000\">En cas de realitzaar una estada a Turqu\u00eda, al no ser membre de la Uni\u00f3 Europea, NeurotechEU no cobrix l&#8217;asseguran\u00e7a m\u00e8dica.&nbsp;<\/span><\/p>\n<p>&nbsp;<\/p>","protected":false},"excerpt":{"rendered":"<p>En qu\u00e8 consisteix l&#8217;alian\u00e7a de NeurotechEU?<br \/>\nNeurotechEU \u00e9s una alian\u00e7a de huit universitats europees amb un objectiu en com\u00fa, crear una xarxa transeuropea d&#8217;excel\u00b7l\u00e8ncia que educar\u00e0 a estudiants de tots els nivells \u2013grau, m\u00e0ster, doctorat i formaci\u00f3 permanent\u2013. NeurotechEU cerca ser un espai flexible d&#8217;educaci\u00f3 superior compartit entre universitats en qu\u00e8 es vincula l&#8217;educaci\u00f3 a la [&#8230;]<\/p>\n","protected":false},"author":24743,"featured_media":0,"parent":17,"menu_order":0,"comment_status":"closed","ping_status":"closed","template":"","meta":{"ngg_post_thumbnail":0,"_links_to":"","_links_to_target":""},"_links":{"self":[{"href":"https:\/\/neurotecheu.umh.es\/ca\/wp-json\/wp\/v2\/pages\/432"}],"collection":[{"href":"https:\/\/neurotecheu.umh.es\/ca\/wp-json\/wp\/v2\/pages"}],"about":[{"href":"https:\/\/neurotecheu.umh.es\/ca\/wp-json\/wp\/v2\/types\/page"}],"author":[{"embeddable":true,"href":"https:\/\/neurotecheu.umh.es\/ca\/wp-json\/wp\/v2\/users\/24743"}],"replies":[{"embeddable":true,"href":"https:\/\/neurotecheu.umh.es\/ca\/wp-json\/wp\/v2\/comments?post=432"}],"version-history":[{"count":0,"href":"https:\/\/neurotecheu.umh.es\/ca\/wp-json\/wp\/v2\/pages\/432\/revisions"}],"up":[{"embeddable":true,"href":"https:\/\/neurotecheu.umh.es\/ca\/wp-json\/wp\/v2\/pages\/17"}],"wp:attachment":[{"href":"https:\/\/neurotecheu.umh.es\/ca\/wp-json\/wp\/v2\/media?parent=432"}],"curies":[{"name":"wp","href":"https:\/\/api.w.org\/{rel}","templated":true}]}}