{"id":609,"date":"2025-01-31T13:55:53","date_gmt":"2025-01-31T12:55:53","guid":{"rendered":"https:\/\/neurotecheu.umh.es\/?page_id=609"},"modified":"2026-03-12T13:59:45","modified_gmt":"2026-03-12T12:59:45","slug":"compromiso","status":"publish","type":"page","link":"https:\/\/neurotecheu.umh.es\/ca\/home\/compromiso\/","title":{"rendered":"Comprom\u00eds"},"content":{"rendered":"<p>NeurotechEU contribu\u00efx a l&#8217;objectiu de crear un Espai Europeu d&#8217;Educaci\u00f3 Superior m\u00e9s interconnectat, inclusiu i receptiu a les necessitats de la societat i l&#8217;economia mitjan\u00e7ant l&#8217;avan\u00e7 de la investigaci\u00f3 i l&#8217;educaci\u00f3 en l&#8217;\u00e0rea estrat\u00e8gica del cervell i la tecnologia.<\/p>\n<p>Per a aix\u00f2, participa en la creaci\u00f3 d&#8217;un <a href=\"https:\/\/theneurotech.eu\/mission-vision\/\" target=\"_blank\" rel=\"noopener\">marc conceptual compartit, valors comuns i plataformes de comunicaci\u00f3 i formaci\u00f3 establides<\/a>. NeurotechEU no sols augmentar\u00e0 les oportunitats de mobilitat i intercanvi per a estudiants i personal, tamb\u00e9 fomentar\u00e0 la col\u00b7laboraci\u00f3 en projectes conjunts d&#8217;investigaci\u00f3 i innovaci\u00f3, aix\u00ed com de divulgaci\u00f3 de la ci\u00e8ncia, amb un especial accent en les accions que promoguen la diversitat i la inclusi\u00f3.<\/p>\n<h3>Projecte BEATRICS<\/h3>\n<p><span style=\"font-weight: 400\"><img loading=\"lazy\" class=\"alignleft size-medium wp-image-621\" src=\"https:\/\/neurotecheu.umh.es\/files\/2024\/06\/Julias-3-300x217.png\" alt=\"Proyecto Beatrics\" width=\"300\" height=\"217\" srcset=\"https:\/\/neurotecheu.umh.es\/files\/2024\/06\/Julias-3-300x217.png 300w, https:\/\/neurotecheu.umh.es\/files\/2024\/06\/Julias-3.png 749w\" sizes=\"(max-width: 300px) 100vw, 300px\" \/><\/span>Amb eixe prop\u00f2sit, NeurotechEU-UMH ha col\u00b7laborat amb les activitats del <strong><a href=\"https:\/\/sapiens.umh.es\/beatrics\/\">Projecte BEATRICS<\/a><\/strong>. L&#8217;objectiu d&#8217;esta iniciativa \u00e9s fomentar l&#8217;espai inclusiu en la ci\u00e8ncia des de les aules preuniversit\u00e0ries, per a promoure canvis en les actituds i comportaments en q\u00fcestions relacionades amb la ci\u00e8ncia i la tecnologia.&nbsp;<\/p>\n<p>Les activitats i lectures proposades ajudaran a l&#8217;estudiantat m\u00e9s jove a no descartar estudis superiors relacionats amb les ci\u00e8ncies i la tecnologia per no ser \u2018la millor de la classe\u2019 o perqu\u00e8 no els solen dir \u2018que tenen una aptitud natural o especial per a les carreres cientificot\u00e8cniques\u2019.&nbsp;<\/p>\n<p>BEATRICS compta amb els recursos en l\u00ednia <a href=\"https:\/\/sapiens.umh.es\/juga-amb-ciencia\/\">Ci\u00e8ncia en el teu Sal\u00f3<\/a>, una s\u00e8rie d&#8217;activitats arreplegades en una guia did\u00e0ctica i l&#8217;exposici\u00f3 itinerant <em>#HicieronHistoria<\/em>, que recorre els col\u00b7legis i instituts de la prov\u00edncia d&#8217;Alacant.<\/p>\n<h3>La Setmana del Cervell<\/h3>\n<p>NeurotechEU col\u00b7labora des de 2025 amb <strong><a href=\"https:\/\/semanadelcerebroin.umh.es\/\" target=\"_blank\" rel=\"noopener\">La Setmana del Cervell<\/a><\/strong>, organitzada per l&#8217;Institut de Neuroci\u00e8ncies (UMH-CSIC), que t\u00e9 com a objectiu promoure i difondre el coneixement cient\u00edfic relacionat amb el Sistema Nervi\u00f3s Central i fomentar l&#8217;entusiasme i el suport p\u00fablic a la investigaci\u00f3 en neuroci\u00e8ncia.<\/p>\n<p><span style=\"font-weight: 400\"><img loading=\"lazy\" class=\"wp-image-1006 alignleft\" src=\"https:\/\/neurotecheu.umh.es\/files\/2025\/01\/BAW-25-Cartel-724x1024.jpg\" alt=\"\" width=\"130\" height=\"184\" srcset=\"https:\/\/neurotecheu.umh.es\/files\/2025\/01\/BAW-25-Cartel-724x1024.jpg 724w, https:\/\/neurotecheu.umh.es\/files\/2025\/01\/BAW-25-Cartel-212x300.jpg 212w, https:\/\/neurotecheu.umh.es\/files\/2025\/01\/BAW-25-Cartel-768x1086.jpg 768w, https:\/\/neurotecheu.umh.es\/files\/2025\/01\/BAW-25-Cartel-1086x1536.jpg 1086w, https:\/\/neurotecheu.umh.es\/files\/2025\/01\/BAW-25-Cartel.jpg 1200w\" sizes=\"(max-width: 130px) 100vw, 130px\" \/><\/span><img loading=\"lazy\" class=\"wp-image-1577 alignleft\" src=\"https:\/\/neurotecheu.umh.es\/files\/2026\/02\/Cartel-ppal-BAW-26-web-1-724x1024.jpg\" alt=\"\" width=\"131\" height=\"185\" srcset=\"https:\/\/neurotecheu.umh.es\/files\/2026\/02\/Cartel-ppal-BAW-26-web-1-724x1024.jpg 724w, https:\/\/neurotecheu.umh.es\/files\/2026\/02\/Cartel-ppal-BAW-26-web-1-212x300.jpg 212w, https:\/\/neurotecheu.umh.es\/files\/2026\/02\/Cartel-ppal-BAW-26-web-1-768x1086.jpg 768w, https:\/\/neurotecheu.umh.es\/files\/2026\/02\/Cartel-ppal-BAW-26-web-1-1086x1536.jpg 1086w, https:\/\/neurotecheu.umh.es\/files\/2026\/02\/Cartel-ppal-BAW-26-web-1-1448x2048.jpg 1448w, https:\/\/neurotecheu.umh.es\/files\/2026\/02\/Cartel-ppal-BAW-26-web-1.jpg 1600w\" sizes=\"(max-width: 131px) 100vw, 131px\" \/><\/p>\n<p>Durant esta setmana, tots els anys es duen a terme activitats destinades a estudiants i&nbsp; al p\u00fablic en general, amb el prop\u00f2sit de mostrar els recents avan\u00e7os en la investigaci\u00f3 sobre el cervell, aix\u00ed com els m\u00e8todes emprats en estos estudis. Dins de la Setmana del Cervell, se celebra una confer\u00e8ncia del Cicle Cervell i Societat promogut per la C\u00e0tedra de Neurobiologia del Desenrotllament Remedios Caro Almela, que enguany reunir\u00e0 experts i expertes en la influ\u00e8ncia de Cajal en la neuroci\u00e8ncia actual. A m\u00e9s, comptar\u00e0 amb les exposicions fotogr\u00e0fiques i de divulgaci\u00f3 com <strong>Cajal, Ci\u00e8ncia i art<\/strong> i <strong><em>#HicieronHistoria<\/em><\/strong>.<\/p>","protected":false},"excerpt":{"rendered":"<p>NeurotechEU contribu\u00efx a l&#8217;objectiu de crear un Espai Europeu d&#8217;Educaci\u00f3 Superior m\u00e9s interconnectat, inclusiu i receptiu a les necessitats de la societat i l&#8217;economia mitjan\u00e7ant l&#8217;avan\u00e7 de la investigaci\u00f3 i l&#8217;educaci\u00f3 en l&#8217;\u00e0rea estrat\u00e8gica del cervell i la tecnologia.<br \/>\nPer a aix\u00f2, participa en la creaci\u00f3 d&#8217;un marc conceptual compartit, valors comuns i plataformes de comunicaci\u00f3 [&#8230;]<\/p>\n","protected":false},"author":24743,"featured_media":0,"parent":17,"menu_order":0,"comment_status":"closed","ping_status":"closed","template":"","meta":{"ngg_post_thumbnail":0,"_links_to":"","_links_to_target":""},"_links":{"self":[{"href":"https:\/\/neurotecheu.umh.es\/ca\/wp-json\/wp\/v2\/pages\/609"}],"collection":[{"href":"https:\/\/neurotecheu.umh.es\/ca\/wp-json\/wp\/v2\/pages"}],"about":[{"href":"https:\/\/neurotecheu.umh.es\/ca\/wp-json\/wp\/v2\/types\/page"}],"author":[{"embeddable":true,"href":"https:\/\/neurotecheu.umh.es\/ca\/wp-json\/wp\/v2\/users\/24743"}],"replies":[{"embeddable":true,"href":"https:\/\/neurotecheu.umh.es\/ca\/wp-json\/wp\/v2\/comments?post=609"}],"version-history":[{"count":0,"href":"https:\/\/neurotecheu.umh.es\/ca\/wp-json\/wp\/v2\/pages\/609\/revisions"}],"up":[{"embeddable":true,"href":"https:\/\/neurotecheu.umh.es\/ca\/wp-json\/wp\/v2\/pages\/17"}],"wp:attachment":[{"href":"https:\/\/neurotecheu.umh.es\/ca\/wp-json\/wp\/v2\/media?parent=609"}],"curies":[{"name":"wp","href":"https:\/\/api.w.org\/{rel}","templated":true}]}}