{"id":355,"date":"2024-04-25T09:56:33","date_gmt":"2024-04-25T07:56:33","guid":{"rendered":"https:\/\/neurotecheu.umh.es\/?page_id=355"},"modified":"2026-02-09T09:29:04","modified_gmt":"2026-02-09T08:29:04","slug":"presentacion","status":"publish","type":"page","link":"https:\/\/neurotecheu.umh.es\/en\/presentacion\/","title":{"rendered":"Introduction"},"content":{"rendered":"<p><\/p>\n<p style=\"text-align: justify\">Welcome to <span style=\"font-weight: 400;color: #0000ff\">NeurotechEU<\/span> at UMH!<\/p>\n<p>The European University of Brain and Technology \u2013 <a href=\"https:\/\/theneurotech.eu\" target=\"_blank\" rel=\"noopener\"><span style=\"font-weight: 400\">NeurotechEU<\/span><\/a> \u2013 is an alliance of <a href=\"https:\/\/theneurotech.eu\/universities\/\" target=\"_blank\" rel=\"noopener\">nine European universities<\/a> whose aim is to create a transnational campus of excellence. NeurotechEU&#8217;s goal is to train the next generation of scientists in the field of neurotechnology.<\/p>\n<p>NeurotechEU seeks to be a flexible higher education space shared among universities, linking education to research, innovation, and society. With this objective, the Alliance provides its students with direct access to <b>cutting-edge technologies and infrastructures<\/b> for fundamental and translational research on the brain in health and disease, thus contributing to increasing the competitiveness of European education, research, economy, and society.<\/p>\n<h1>Allied universities<\/h1>\n<p>NeurotechEU is comprised of nine European universities, each contributing its distinctive expertise and strengths to enrich the alliance:<\/p>\n<ul>\n<li>Radboud University, the Netherlands<\/li>\n<li>Universidad Miguel Hern\u00e1ndez de Elche, Spain<\/li>\n<li>Karolinska Institutet, Sweden<\/li>\n<li>Rheinische Friedrich-Wilhelms-Universit\u00e4t Bonn, Germany<\/li>\n<li>Bo\u011fazi\u00e7i \u00dcniversitesi, Turkey<\/li>\n<li>Universitatea de Medicin\u0103 \u0219i Farmacie din Cluj-Napoca, Romania<\/li>\n<li>Universit\u00e9 de Lille, France<\/li>\n<li>H\u00e1sk\u00f3linn \u00ed Reykjav\u00edk, Iceland<\/li>\n<li>The Medical University of Innsbruck, Austria<\/li>\n<\/ul>\n<h1>European Universities &#8211; a key pillar of the European Education Area<\/h1>\n<p>In 2017, European Union leaders outlined a vision for education and culture. In late 2017, the European Council called on EU Member States, the Council, and the Commission to take forward a number of initiatives, including \u2018European Universities Area\u2019.<\/p>\n<p>The European Universities Initiative facilitates the exchange of education, research, and employment. This means that students can take lessons at all the institutions involved, not constrained by institutional capabilities and borders. They can thus gain international experience and benefit from the specific expertise of the various universities. For scientists, it will lead to the improvement of the education they provide and to smoother cooperation in research.<\/p>\n<p>In this way, the initiative trains new researchers and engineers at the highest possible level, with a background and network in several institutes. This improves Europe\u2019s position in brain research and engineering and provides well-educated people to tackle future societal problems.<\/p>\n<p>The European University of Brain and Technology -NeurotechEU, is one of the 64 European Universities Alliances cofunded by the European Union.&nbsp;<\/p>\n<p>&nbsp;<\/p>\n<p>&nbsp;<\/p>\n<p>This project is funded by the Ministry of Science, Innovation and Universities and the European Union:<\/p>\n<p><img loading=\"lazy\" class=\" wp-image-1057 alignleft\" src=\"https:\/\/neurotecheu.umh.es\/files\/2025\/03\/Logotipo_del_Ministerio_de_Ciencia_Innovacion_y_Universidades--1024x258.png\" alt=\"\" width=\"317\" height=\"80\" srcset=\"https:\/\/neurotecheu.umh.es\/files\/2025\/03\/Logotipo_del_Ministerio_de_Ciencia_Innovacion_y_Universidades--1024x258.png 1024w, https:\/\/neurotecheu.umh.es\/files\/2025\/03\/Logotipo_del_Ministerio_de_Ciencia_Innovacion_y_Universidades--300x76.png 300w, https:\/\/neurotecheu.umh.es\/files\/2025\/03\/Logotipo_del_Ministerio_de_Ciencia_Innovacion_y_Universidades--768x194.png 768w, https:\/\/neurotecheu.umh.es\/files\/2025\/03\/Logotipo_del_Ministerio_de_Ciencia_Innovacion_y_Universidades--1536x387.png 1536w, https:\/\/neurotecheu.umh.es\/files\/2025\/03\/Logotipo_del_Ministerio_de_Ciencia_Innovacion_y_Universidades-.png 1885w\" sizes=\"(max-width: 317px) 100vw, 317px\" \/><\/p>\n<h6><span style=\"color: #808080\">*The NeurotechEU project, the European University of Brain and Technology, is funded by the Ministry. The content of this website is the sole responsibility of the beneficiary university, the Miguel Hern\u00e1ndez University of Elche. The Ministry of Science, Innovation and Universities is not responsible for any use that may be made of the information contained herein.<\/span><\/h6>\n<p>&nbsp;<\/p>\n<p>&nbsp;<\/p>\n<h6><img loading=\"lazy\" class=\"wp-image-1184 alignleft\" src=\"https:\/\/neurotecheu.umh.es\/files\/2025\/05\/EN_Co-fundedbytheEU_RGB_POS-1024x228.png\" alt=\"\" width=\"319\" height=\"71\" srcset=\"https:\/\/neurotecheu.umh.es\/files\/2025\/05\/EN_Co-fundedbytheEU_RGB_POS-1024x228.png 1024w, https:\/\/neurotecheu.umh.es\/files\/2025\/05\/EN_Co-fundedbytheEU_RGB_POS-300x67.png 300w, https:\/\/neurotecheu.umh.es\/files\/2025\/05\/EN_Co-fundedbytheEU_RGB_POS-768x171.png 768w, https:\/\/neurotecheu.umh.es\/files\/2025\/05\/EN_Co-fundedbytheEU_RGB_POS-1536x343.png 1536w, https:\/\/neurotecheu.umh.es\/files\/2025\/05\/EN_Co-fundedbytheEU_RGB_POS-2048x457.png 2048w\" sizes=\"(max-width: 319px) 100vw, 319px\" \/><span style=\"color: #808080\">Funded by the European Union. Views and opinions expressed are however, those of the author(s) only <\/span><span style=\"color: #808080\">and do not necessarily reflect those of the European Union or European Commission. Neither <\/span><span style=\"color: #808080\">the European Union nor the granting authority can be held responsible for them.<\/span><\/h6>\n<p><\/p>","protected":false},"excerpt":{"rendered":"<p>Welcome to NeurotechEU at UMH!<br \/>\nThe European University of Brain and Technology \u2013 NeurotechEU \u2013 is an alliance of nine European universities whose aim is to create a transnational campus of excellence. NeurotechEU&#8217;s goal is to train the next generation of scientists in the field of neurotechnology.<br \/>\nNeurotechEU seeks to be a flexible higher education space shared [&#8230;]<\/p>\n","protected":false},"author":24743,"featured_media":0,"parent":0,"menu_order":1,"comment_status":"closed","ping_status":"closed","template":"","meta":{"ngg_post_thumbnail":0,"_links_to":"","_links_to_target":""},"_links":{"self":[{"href":"https:\/\/neurotecheu.umh.es\/en\/wp-json\/wp\/v2\/pages\/355"}],"collection":[{"href":"https:\/\/neurotecheu.umh.es\/en\/wp-json\/wp\/v2\/pages"}],"about":[{"href":"https:\/\/neurotecheu.umh.es\/en\/wp-json\/wp\/v2\/types\/page"}],"author":[{"embeddable":true,"href":"https:\/\/neurotecheu.umh.es\/en\/wp-json\/wp\/v2\/users\/24743"}],"replies":[{"embeddable":true,"href":"https:\/\/neurotecheu.umh.es\/en\/wp-json\/wp\/v2\/comments?post=355"}],"version-history":[{"count":0,"href":"https:\/\/neurotecheu.umh.es\/en\/wp-json\/wp\/v2\/pages\/355\/revisions"}],"wp:attachment":[{"href":"https:\/\/neurotecheu.umh.es\/en\/wp-json\/wp\/v2\/media?parent=355"}],"curies":[{"name":"wp","href":"https:\/\/api.w.org\/{rel}","templated":true}]}}